{"id":10008,"date":"2026-01-20T14:35:22","date_gmt":"2026-01-20T13:35:22","guid":{"rendered":"https:\/\/lionsnordestitalia.it\/distretto108ta1\/?page_id=10008"},"modified":"2026-01-20T14:37:19","modified_gmt":"2026-01-20T13:37:19","slug":"la-prenotazione-dellambulatorio-mobile-distrettuale","status":"publish","type":"page","link":"https:\/\/lionsnordestitalia.it\/distretto108ta1\/la-prenotazione-dellambulatorio-mobile-distrettuale\/","title":{"rendered":"La prenotazione dell&#8217;Ambulatorio Mobile Distrettuale"},"content":{"rendered":"<p><img decoding=\"async\" class=\"alignright\" src=\"https:\/\/static.lionsnordestitalia.it\/2025\/05\/25-05-Screening-per-il-diabete-vallarsa-300x200.jpg\" \/><\/p>\n<p>&nbsp;<\/p>\n<p>&nbsp;<\/p>\n<p>L&#8217;Ambulatorio Mobile del Distretto Ta1, AMC, \u00e8 un <strong>camper dotato di attrezzature sanitarie<\/strong> che permettono l&#8217;esecuzione di numerosi <strong>esami sanitari sul campo,<\/strong> al di fuori delle strutture pubbliche, soprattutto in zone periferiche ove avere l&#8217;accesso ai servizi sanitari \u00e8 pi\u00f9 difficile. <strong>Il mezzo \u00e8 a completa disposizione dei Club Lions<\/strong> che intendano effettuare degli screening.<\/p>\n<p>Per l&#8217;<strong>utilizzo del mezzo<\/strong> vedere l&#8217;apposita sezione: <a href=\"https:\/\/lionsnordestitalia.it\/distretto108ta1\/ambulatorio-mobile-del-distretto-ta1-istruzioni-per-lutilizzo-del-mezzo\/\" target=\"_blank\" rel=\"noopener\"><b><i>Istruzioni per la richiesta e l&#8217;utilizzo del mezzo<\/i><\/b><\/a><\/p>\n<p>Per la <strong>prenotazione<\/strong> <strong>del mezzo<\/strong> inviare una <strong>email<\/strong> al Comitato di Gestione all&#8217;indirizzo: <b><a href=\"mailto:ambulatoriolions@gmail.com\" target=\"_blank\" rel=\"noopener\">ambulatoriolions@gmail.com<\/a><\/b><\/p>\n","protected":false},"excerpt":{"rendered":"<p>&nbsp; &nbsp; L&#8217;Ambulatorio Mobile del Distretto Ta1, AMC, \u00e8 un [&hellip;]<\/p>\n","protected":false},"author":9,"featured_media":0,"parent":0,"menu_order":0,"comment_status":"closed","ping_status":"closed","template":"","meta":[],"visibilities":[14],"yoast_head":"<!-- This site is optimized with the Yoast SEO plugin v18.4.1 - https:\/\/yoast.com\/wordpress\/plugins\/seo\/ -->\n<title>La prenotazione dell&#039;Ambulatorio Mobile Distrettuale | Lions Italia Distretto 108Ta1<\/title>\n<meta name=\"robots\" content=\"index, follow, max-snippet:-1, max-image-preview:large, max-video-preview:-1\" \/>\n<link rel=\"canonical\" href=\"https:\/\/lionsnordestitalia.it\/distretto108ta1\/la-prenotazione-dellambulatorio-mobile-distrettuale\/\" \/>\n<meta property=\"og:locale\" content=\"it_IT\" \/>\n<meta property=\"og:type\" content=\"article\" \/>\n<meta property=\"og:title\" content=\"La prenotazione dell&#039;Ambulatorio Mobile Distrettuale | Lions Italia Distretto 108Ta1\" \/>\n<meta property=\"og:description\" content=\"&nbsp; &nbsp; L&#8217;Ambulatorio Mobile del Distretto Ta1, AMC, \u00e8 un [&hellip;]\" \/>\n<meta property=\"og:url\" content=\"https:\/\/lionsnordestitalia.it\/distretto108ta1\/la-prenotazione-dellambulatorio-mobile-distrettuale\/\" \/>\n<meta property=\"og:site_name\" content=\"Lions Italia Distretto 108Ta1\" \/>\n<meta property=\"article:modified_time\" content=\"2026-01-20T13:37:19+00:00\" \/>\n<meta property=\"og:image\" content=\"https:\/\/static.lionsnordestitalia.it\/2025\/05\/25-05-Screening-per-il-diabete-vallarsa-300x200.jpg\" \/>\n<meta name=\"twitter:card\" content=\"summary_large_image\" \/>\n<meta name=\"twitter:label1\" content=\"Tempo di lettura stimato\" \/>\n\t<meta name=\"twitter:data1\" content=\"1 minuto\" \/>\n<script type=\"application\/ld+json\" class=\"yoast-schema-graph\">{\"@context\":\"https:\/\/schema.org\",\"@graph\":[{\"@type\":\"Organization\",\"@id\":\"https:\/\/lionsnordestitalia.it\/distretto108ta1\/#organization\",\"name\":\"Lions Italia Distretto 108Ta1\",\"url\":\"https:\/\/lionsnordestitalia.it\/distretto108ta1\/\",\"sameAs\":[],\"logo\":{\"@type\":\"ImageObject\",\"@id\":\"https:\/\/lionsnordestitalia.it\/distretto108ta1\/#logo\",\"inLanguage\":\"it-IT\",\"url\":\"https:\/\/static.lionsnordestitalia.it\/2021\/03\/LCI_emblem_2color_web.png\",\"contentUrl\":\"https:\/\/static.lionsnordestitalia.it\/2021\/03\/LCI_emblem_2color_web.png\",\"width\":1296,\"height\":1296,\"caption\":\"Lions Italia Distretto 108Ta1\"},\"image\":{\"@id\":\"https:\/\/lionsnordestitalia.it\/distretto108ta1\/#logo\"}},{\"@type\":\"WebSite\",\"@id\":\"https:\/\/lionsnordestitalia.it\/distretto108ta1\/#website\",\"url\":\"https:\/\/lionsnordestitalia.it\/distretto108ta1\/\",\"name\":\"Lions Italia Distretto 108Ta1\",\"description\":\"\",\"publisher\":{\"@id\":\"https:\/\/lionsnordestitalia.it\/distretto108ta1\/#organization\"},\"potentialAction\":[{\"@type\":\"SearchAction\",\"target\":{\"@type\":\"EntryPoint\",\"urlTemplate\":\"https:\/\/lionsnordestitalia.it\/distretto108ta1\/?s={search_term_string}\"},\"query-input\":\"required name=search_term_string\"}],\"inLanguage\":\"it-IT\"},{\"@type\":\"ImageObject\",\"@id\":\"https:\/\/lionsnordestitalia.it\/distretto108ta1\/la-prenotazione-dellambulatorio-mobile-distrettuale\/#primaryimage\",\"inLanguage\":\"it-IT\",\"url\":\"https:\/\/static.lionsnordestitalia.it\/2025\/05\/25-05-Screening-per-il-diabete-vallarsa.jpg\",\"contentUrl\":\"https:\/\/static.lionsnordestitalia.it\/2025\/05\/25-05-Screening-per-il-diabete-vallarsa.jpg\",\"width\":600,\"height\":400},{\"@type\":\"WebPage\",\"@id\":\"https:\/\/lionsnordestitalia.it\/distretto108ta1\/la-prenotazione-dellambulatorio-mobile-distrettuale\/#webpage\",\"url\":\"https:\/\/lionsnordestitalia.it\/distretto108ta1\/la-prenotazione-dellambulatorio-mobile-distrettuale\/\",\"name\":\"La prenotazione dell'Ambulatorio Mobile Distrettuale | Lions Italia Distretto 108Ta1\",\"isPartOf\":{\"@id\":\"https:\/\/lionsnordestitalia.it\/distretto108ta1\/#website\"},\"primaryImageOfPage\":{\"@id\":\"https:\/\/lionsnordestitalia.it\/distretto108ta1\/la-prenotazione-dellambulatorio-mobile-distrettuale\/#primaryimage\"},\"datePublished\":\"2026-01-20T13:35:22+00:00\",\"dateModified\":\"2026-01-20T13:37:19+00:00\",\"breadcrumb\":{\"@id\":\"https:\/\/lionsnordestitalia.it\/distretto108ta1\/la-prenotazione-dellambulatorio-mobile-distrettuale\/#breadcrumb\"},\"inLanguage\":\"it-IT\",\"potentialAction\":[{\"@type\":\"ReadAction\",\"target\":[\"https:\/\/lionsnordestitalia.it\/distretto108ta1\/la-prenotazione-dellambulatorio-mobile-distrettuale\/\"]}]},{\"@type\":\"BreadcrumbList\",\"@id\":\"https:\/\/lionsnordestitalia.it\/distretto108ta1\/la-prenotazione-dellambulatorio-mobile-distrettuale\/#breadcrumb\",\"itemListElement\":[{\"@type\":\"ListItem\",\"position\":1,\"name\":\"Home\",\"item\":\"https:\/\/lionsnordestitalia.it\/distretto108ta1\/\"},{\"@type\":\"ListItem\",\"position\":2,\"name\":\"La prenotazione dell&#8217;Ambulatorio Mobile Distrettuale\"}]}]}<\/script>\n<!-- \/ Yoast SEO plugin. -->","yoast_head_json":{"title":"La prenotazione dell'Ambulatorio Mobile Distrettuale | Lions Italia Distretto 108Ta1","robots":{"index":"index","follow":"follow","max-snippet":"max-snippet:-1","max-image-preview":"max-image-preview:large","max-video-preview":"max-video-preview:-1"},"canonical":"https:\/\/lionsnordestitalia.it\/distretto108ta1\/la-prenotazione-dellambulatorio-mobile-distrettuale\/","og_locale":"it_IT","og_type":"article","og_title":"La prenotazione dell'Ambulatorio Mobile Distrettuale | Lions Italia Distretto 108Ta1","og_description":"&nbsp; &nbsp; L&#8217;Ambulatorio Mobile del Distretto Ta1, AMC, \u00e8 un [&hellip;]","og_url":"https:\/\/lionsnordestitalia.it\/distretto108ta1\/la-prenotazione-dellambulatorio-mobile-distrettuale\/","og_site_name":"Lions Italia Distretto 108Ta1","article_modified_time":"2026-01-20T13:37:19+00:00","og_image":[{"url":"https:\/\/static.lionsnordestitalia.it\/2025\/05\/25-05-Screening-per-il-diabete-vallarsa-300x200.jpg"}],"twitter_card":"summary_large_image","twitter_misc":{"Tempo di lettura stimato":"1 minuto"},"schema":{"@context":"https:\/\/schema.org","@graph":[{"@type":"Organization","@id":"https:\/\/lionsnordestitalia.it\/distretto108ta1\/#organization","name":"Lions Italia Distretto 108Ta1","url":"https:\/\/lionsnordestitalia.it\/distretto108ta1\/","sameAs":[],"logo":{"@type":"ImageObject","@id":"https:\/\/lionsnordestitalia.it\/distretto108ta1\/#logo","inLanguage":"it-IT","url":"https:\/\/static.lionsnordestitalia.it\/2021\/03\/LCI_emblem_2color_web.png","contentUrl":"https:\/\/static.lionsnordestitalia.it\/2021\/03\/LCI_emblem_2color_web.png","width":1296,"height":1296,"caption":"Lions Italia Distretto 108Ta1"},"image":{"@id":"https:\/\/lionsnordestitalia.it\/distretto108ta1\/#logo"}},{"@type":"WebSite","@id":"https:\/\/lionsnordestitalia.it\/distretto108ta1\/#website","url":"https:\/\/lionsnordestitalia.it\/distretto108ta1\/","name":"Lions Italia Distretto 108Ta1","description":"","publisher":{"@id":"https:\/\/lionsnordestitalia.it\/distretto108ta1\/#organization"},"potentialAction":[{"@type":"SearchAction","target":{"@type":"EntryPoint","urlTemplate":"https:\/\/lionsnordestitalia.it\/distretto108ta1\/?s={search_term_string}"},"query-input":"required name=search_term_string"}],"inLanguage":"it-IT"},{"@type":"ImageObject","@id":"https:\/\/lionsnordestitalia.it\/distretto108ta1\/la-prenotazione-dellambulatorio-mobile-distrettuale\/#primaryimage","inLanguage":"it-IT","url":"https:\/\/static.lionsnordestitalia.it\/2025\/05\/25-05-Screening-per-il-diabete-vallarsa.jpg","contentUrl":"https:\/\/static.lionsnordestitalia.it\/2025\/05\/25-05-Screening-per-il-diabete-vallarsa.jpg","width":600,"height":400},{"@type":"WebPage","@id":"https:\/\/lionsnordestitalia.it\/distretto108ta1\/la-prenotazione-dellambulatorio-mobile-distrettuale\/#webpage","url":"https:\/\/lionsnordestitalia.it\/distretto108ta1\/la-prenotazione-dellambulatorio-mobile-distrettuale\/","name":"La prenotazione dell'Ambulatorio Mobile Distrettuale | Lions Italia Distretto 108Ta1","isPartOf":{"@id":"https:\/\/lionsnordestitalia.it\/distretto108ta1\/#website"},"primaryImageOfPage":{"@id":"https:\/\/lionsnordestitalia.it\/distretto108ta1\/la-prenotazione-dellambulatorio-mobile-distrettuale\/#primaryimage"},"datePublished":"2026-01-20T13:35:22+00:00","dateModified":"2026-01-20T13:37:19+00:00","breadcrumb":{"@id":"https:\/\/lionsnordestitalia.it\/distretto108ta1\/la-prenotazione-dellambulatorio-mobile-distrettuale\/#breadcrumb"},"inLanguage":"it-IT","potentialAction":[{"@type":"ReadAction","target":["https:\/\/lionsnordestitalia.it\/distretto108ta1\/la-prenotazione-dellambulatorio-mobile-distrettuale\/"]}]},{"@type":"BreadcrumbList","@id":"https:\/\/lionsnordestitalia.it\/distretto108ta1\/la-prenotazione-dellambulatorio-mobile-distrettuale\/#breadcrumb","itemListElement":[{"@type":"ListItem","position":1,"name":"Home","item":"https:\/\/lionsnordestitalia.it\/distretto108ta1\/"},{"@type":"ListItem","position":2,"name":"La prenotazione dell&#8217;Ambulatorio Mobile Distrettuale"}]}]}},"_links":{"self":[{"href":"https:\/\/lionsnordestitalia.it\/distretto108ta1\/wp-json\/wp\/v2\/pages\/10008"}],"collection":[{"href":"https:\/\/lionsnordestitalia.it\/distretto108ta1\/wp-json\/wp\/v2\/pages"}],"about":[{"href":"https:\/\/lionsnordestitalia.it\/distretto108ta1\/wp-json\/wp\/v2\/types\/page"}],"author":[{"embeddable":true,"href":"https:\/\/lionsnordestitalia.it\/distretto108ta1\/wp-json\/wp\/v2\/users\/9"}],"replies":[{"embeddable":true,"href":"https:\/\/lionsnordestitalia.it\/distretto108ta1\/wp-json\/wp\/v2\/comments?post=10008"}],"version-history":[{"count":3,"href":"https:\/\/lionsnordestitalia.it\/distretto108ta1\/wp-json\/wp\/v2\/pages\/10008\/revisions"}],"predecessor-version":[{"id":10012,"href":"https:\/\/lionsnordestitalia.it\/distretto108ta1\/wp-json\/wp\/v2\/pages\/10008\/revisions\/10012"}],"wp:attachment":[{"href":"https:\/\/lionsnordestitalia.it\/distretto108ta1\/wp-json\/wp\/v2\/media?parent=10008"}],"wp:term":[{"taxonomy":"visibilities","embeddable":true,"href":"https:\/\/lionsnordestitalia.it\/distretto108ta1\/wp-json\/wp\/v2\/visibilities?post=10008"}],"curies":[{"name":"wp","href":"https:\/\/api.w.org\/{rel}","templated":true}]}}