{"id":6553,"date":"2024-04-29T13:38:13","date_gmt":"2024-04-29T11:38:13","guid":{"rendered":"https:\/\/lionsnordestitalia.it\/distretto108ta1\/?page_id=6553"},"modified":"2025-03-12T22:45:13","modified_gmt":"2025-03-12T21:45:13","slug":"associazione-lions","status":"publish","type":"page","link":"https:\/\/lionsnordestitalia.it\/distretto108ta1\/associazione-lions\/","title":{"rendered":"L&#8217;associazione"},"content":{"rendered":"<div class=\"\">\n<h1 class=\"page-title fusion-responsive-typography-calculated\" data-fontsize=\"35\" data-lineheight=\"52.5px\"><\/h1>\n<\/div>\n<div id=\"post-136\" class=\"post-136 page type-page status-publish hentry\">\n<div class=\"post-content\">\n<div id=\"inizio\" class=\"fusion-fullwidth fullwidth-box fusion-builder-row-1 fusion-flex-container nonhundred-percent-fullwidth non-hundred-percent-height-scrolling\">\n<div class=\"fusion-builder-row fusion-row fusion-flex-align-items-flex-start\">\n<div class=\"fusion-layout-column fusion_builder_column fusion-builder-column-0 fusion_builder_column_1_1 1_1 fusion-flex-column\">\n<div class=\"fusion-column-wrapper fusion-flex-justify-content-flex-start fusion-content-layout-column\">\n<div class=\"fusion-text fusion-text-1\">\n<ul>\n<li>\n<h3><em><a href=\"https:\/\/www.lionsnordestitalia.it\/associazione\/#i-lions\">Conosciamo i Lions<\/a><\/em><\/h3>\n<\/li>\n<li>\n<h3><em><a href=\"https:\/\/www.lionsnordestitalia.it\/associazione\/#storia\">La storia<\/a><\/em><\/h3>\n<\/li>\n<li>\n<h3><em><a href=\"https:\/\/www.lionsnordestitalia.it\/associazione\/#melvinjones\">Melvin Jones<\/a><\/em><\/h3>\n<\/li>\n<li>\n<h3><em><a href=\"https:\/\/www.lionsnordestitalia.it\/associazione\/#hellenkeller\">Hellen Keller<\/a><\/em><\/h3>\n<\/li>\n<li>\n<h3><a href=\"https:\/\/lionsnordestitalia.it\/distretto108ta1\/fabricio-oliveira-presidente-internazionale-lions-2024-25\/\" target=\"_blank\" rel=\"noopener\"><em><strong><span style=\"font-size: 14pt;\">Il Presidente Internazionale<\/span><\/strong><\/em><\/a><\/h3>\n<\/li>\n<li class=\"page-title fusion-responsive-typography-calculated\" data-fontsize=\"35\" data-lineheight=\"52.5px\">\n<h3><a href=\"https:\/\/lionsnordestitalia.it\/distretto108ta1\/organizzazione-lions\/\"><em>Organizzazione Lions<\/em><\/a><\/h3>\n<\/li>\n<li class=\"page-title fusion-responsive-typography-calculated\" data-fontsize=\"35\" data-lineheight=\"52.5px\">\n<h3><a href=\"https:\/\/lionsnordestitalia.it\/distretto108ta1\/mission-vision-codice-etico\/\" target=\"_blank\" rel=\"noopener\"><strong><em>Mission, Vision, Codice etico<\/em><\/strong><\/a><\/h3>\n<\/li>\n<li data-fontsize=\"35\" data-lineheight=\"52.5px\">\n<h3><a href=\"https:\/\/lionsnordestitalia.it\/distretto108ta1\/progetti\/presentazione-dei-lions-italiani-2025\/\" target=\"_blank\" rel=\"noopener\"><em>Video presentazione dei Lions italiani<\/em><\/a><\/h3>\n<\/li>\n<\/ul>\n<\/div>\n<\/div>\n<\/div>\n<\/div>\n<\/div>\n<div id=\"storia\" class=\"fusion-fullwidth fullwidth-box fusion-builder-row-2 fusion-flex-container nonhundred-percent-fullwidth non-hundred-percent-height-scrolling\">\n<div class=\"fusion-builder-row fusion-row fusion-flex-align-items-flex-start\">\n<div class=\"fusion-layout-column fusion_builder_column fusion-builder-column-1 fusion_builder_column_1_1 1_1 fusion-flex-column\">\n<div class=\"fusion-column-wrapper fusion-flex-justify-content-flex-start fusion-content-layout-column\">\n<div class=\"fusion-title title fusion-title-1 fusion-sep-none fusion-title-text fusion-title-size-two fusion-border-below-title\">\n<div class=\"\">\n<h2 data-fontsize=\"35\" data-lineheight=\"52.5px\"><\/h2>\n<h2 id=\"i-lions\" class=\"page-title fusion-responsive-typography-calculated\" data-fontsize=\"35\" data-lineheight=\"52.5px\"><strong>Conosciamo i Lions<\/strong><\/h2>\n<p class=\"page-title fusion-responsive-typography-calculated\" data-fontsize=\"35\" data-lineheight=\"52.5px\"><strong>Lions International<\/strong> \u00e8 l\u2019organizzazione di club di assistenza pi\u00f9 grande del mondo. E&#8217; presente in pi\u00f9 di 200 Paesi con 1,4 milioni di soci in oltre 47.000 club, che mettono a disposizione le loro competenze e il loro tempo per rispondere insieme ai bisogni della comunit\u00e0.<\/p>\n<p class=\"page-title fusion-responsive-typography-calculated\" data-fontsize=\"35\" data-lineheight=\"52.5px\">E&#8217; tra le organizzazioni pi\u00f9 efficienti: i soci sono pronti a fare tutto ci\u00f2 che \u00e8 necessario per le proprie comunit\u00e0 locali. Ovunque lavorano, trovano nuovi amici: bambini che hanno bisogno di occhiali, anziani che hanno fame, persone afflitte da problemi di salute o colpite da calamit\u00e0 naturali.<\/p>\n<h3>Il Marchio<\/h3>\n<\/div>\n<div id=\"post-2\" class=\"post-2 page type-page status-publish hentry visibilities-pubblico\">\n<div class=\"post-content\">\n<h3 class=\"fusion-responsive-typography-calculated\" data-fontsize=\"25\" data-lineheight=\"40px\"><img decoding=\"async\" class=\"wp-image-6930 alignright\" src=\"https:\/\/static.lionsnordestitalia.it\/2024\/08\/24-08-marchio-Lions-300x287.jpg\" alt=\"\" width=\"171\" height=\"164\" srcset=\"https:\/\/static.lionsnordestitalia.it\/2024\/08\/24-08-marchio-Lions-200x192.jpg 200w, https:\/\/static.lionsnordestitalia.it\/2024\/08\/24-08-marchio-Lions-300x287.jpg 300w, https:\/\/static.lionsnordestitalia.it\/2024\/08\/24-08-marchio-Lions.jpg 400w\" sizes=\"(max-width: 171px) 100vw, 171px\" \/><\/h3>\n<p data-fontsize=\"25\" data-lineheight=\"40px\">L\u2019emblema \u00e8 composto dalla lettera \u201cL\u201d in colore oro su uno\u00a0sfondo circolare in color porpora, contornato da un\u2019area circolare con i profili di due leoni che si danno le spalle e guardano verso l\u2019esterno.<\/p>\n<p data-fontsize=\"25\" data-lineheight=\"40px\">La parola \u201cLions\u201d appare nella parte superiore, la parola \u201cInternational\u201d nella parte inferiore.<\/p>\n<p data-fontsize=\"25\" data-lineheight=\"40px\">I leoni guardano il passato e il futuro, mostrando cos\u00ec orgoglio per l\u2019eredit\u00e0 del passato e fiducia nel futuro.<\/p>\n<\/div>\n<h3 data-fontsize=\"25\" data-lineheight=\"40px\">Il motto<\/h3>\n<div class=\"post-content\">\n<p class=\"fusion-responsive-typography-calculated\" data-fontsize=\"25\" data-lineheight=\"40px\">Il motto dell&#8217;associazione \u00e8 <strong>&#8220;<i>We serve<\/i>&#8220;<\/strong> (in italiano &#8220;<i>Noi siamo al servizio<\/i>&#8220;). Esso traccia in modo sintetico e preciso la missione dell&#8217;associazione che viene ben rappresentata dall slogan <em>Dove c&#8217;\u00e8 bisogno, l\u00ec c&#8217;\u00e8 un Lions\u00a0<\/em><\/p>\n<\/div>\n<\/div>\n<p data-fontsize=\"32\" data-lineheight=\"47.04px\"><a href=\"https:\/\/www.lionsnordestitalia.it\/associazione\/#inizio\">Torna su<\/a><\/p>\n<h3 class=\"title-heading-left fusion-responsive-typography-calculated\" data-fontsize=\"32\" data-lineheight=\"47.04px\"><b>La storia<\/b><\/h3>\n<\/div>\n<div class=\"fusion-text fusion-text-2\">\n<p>Nel 1917 Melvin Jones, un uomo d\u2019affari trentottenne di Chicago, disse ai soci del proprio business club locale che avrebbero dovuto guardare oltre i problemi legati al lavoro e dedicarsi al miglioramento della comunit\u00e0 e del mondo. Il gruppo di Jones, il Business Circle di Chicago, sosteneva la sua visione.<\/p>\n<p>Dopo aver contattato gruppi simili negli Stati Uniti fu tenuto un incontro organizzativo il 7 giugno 1917, a Chicago (USA). Il nuovo gruppo prese il nome di uno dei gruppi invitati, la \u201cAssociation of Lions Clubs\u201d. Nell\u2019ottobre dello stesso anno si tenne una convention nazionale a Dallas (USA) nel corso della quale vennero approvati lo statuto, il regolamento, gli scopi e il codice etico.<\/p>\n<p>Nell\u2019arco di tre anni i Lions divennero un\u2019organizzazione internazionale. Da allora, abbiamo ottenuto i pi\u00f9 alti riconoscimenti per la nostra integrit\u00e0 e trasparenza. Siamo un\u2019organizzazione ben gestita, con una visione consolidata, una missione precisa e una lunga tradizione di cui siamo orgogliosi.<\/p>\n<p><a href=\"https:\/\/www.lionsnordestitalia.it\/associazione\/#inizio\">Torna su<\/a><\/p>\n<\/div>\n<\/div>\n<\/div>\n<\/div>\n<\/div>\n<div id=\"melvinjones\" class=\"fusion-fullwidth fullwidth-box fusion-builder-row-3 fusion-flex-container nonhundred-percent-fullwidth non-hundred-percent-height-scrolling\">\n<div class=\"fusion-builder-row fusion-row fusion-flex-align-items-flex-start\">\n<div class=\"fusion-layout-column fusion_builder_column fusion-builder-column-2 fusion_builder_column_1_1 1_1 fusion-flex-column\">\n<div class=\"fusion-column-wrapper fusion-flex-justify-content-flex-start fusion-content-layout-column\">\n<div class=\"fusion-title title fusion-title-2 fusion-sep-none fusion-title-text fusion-title-size-two fusion-border-below-title\">\n<h3 class=\"title-heading-left fusion-responsive-typography-calculated\" data-fontsize=\"32\" data-lineheight=\"47.04px\"><b>Melvin Jones<\/b><\/h3>\n<\/div>\n<div class=\"fusion-text fusion-text-3\">\n<p>Melvin Jones era un sognatore, un uomo d\u2019azione e un pragmatista. Agente assicurativo estroverso e dotato di grande energia, nel tempo libero Melvin Jones amava leggere Shakespeare. Era l\u2019uomo perfetto per fondare la pi\u00f9 grande associazione di club di servizio del mondo.<\/p>\n<p>Nel 1958, pi\u00f9 di quaranta anni dopo la prima riunione dei Lions club, il Board di Lions Clubs International proclam\u00f2 ufficialmente Melvin Jones fondatore dei Lions Club. Indipendentemente dall\u2019ufficialit\u00e0 del suo titolo, Melvin Jones ha avuto un\u2019enorme influenza sui Lions. \u00c8 stato lui a fornire la leadership, la capacit\u00e0 organizzativa, la tenacia e l\u2019energia necessaria a gettare le fondamenta della nostra attuale associazione.<\/p>\n<p>Figlio di un soldato di perlustrazione della cavalleria americana, Melvin Jones nacque il 13 gennaio 1879 presso la base militare di Fort Thomas (Arizona). All\u2019eta di 7 anni, Melvin si trasfer\u00ec con la sua famiglia nella regione orientale degli Stati Uniti, stabilendosi in Illinois. Dotato di un\u2019ottima voce da tenore, Melvin Jones voleva dedicarsi alla carriera musicale. Divenne, invece, un agente assicurativo.<\/p>\n<p>Nel 1913, Melvin aveva gi\u00e0 fondato la sua agenzia d\u2019assicurazione a Chicago. In quegli anni entr\u00f2 a far parte del Business Circle di Chicago, un club di imprenditori, in cui assunse subito un ruolo guida per il reclutamento di nuovi soci e per il recupero di quelli dimissionari. Tuttavia, il carattere puramente professionale di questo club rappresentava un limite alla visione pi\u00f9 ampia e innovativa di Melvin.<\/p>\n<p>\u201cCosa accadrebbe\u201d, si chiedeva Melvin, \u201cse questi uomini che hanno raggiunto il successo grazie alla loro determinazione, alla loro intelligenza e alla loro ambizione, utilizzassero i loro talenti per migliorare le condizioni di vita delle loro comunit\u00e0?\u201d\u00a0 Melvin pens\u00f2 a un nuovo tipo di club basato sul desiderio comune di aiutare il prossimo.<\/p>\n<p>A quel tempo segretario del Business Circle, Melvin Jones, con l\u2019aiuto di sua moglie Rose Amanda Freeman, campionessa di golf, scrisse numerose lettere ai club di tutto il paese, proponendo la sua idea di organizzazione di volontariato. Gli imprenditori interessati alla sua idea si riunirono a Chicago e il 7 giugno del 1917 nacque Lions Clubs International.<\/p>\n<p>Nel corso di quello stesso anno durante la prima Convention dei Lions svoltasi a Dallas, Melvin Jones fu eletto segretario-tesoriere dell\u2019associazione. Melvin mantenne questo titolo per diversi anni. Successivamente il Board gli confer\u00ec il titolo di segretario generale a vita.<\/p>\n<p>Melvin Jones era un maestro della comunicazione scritta e di volta in volta riusciva a essere chiaro e convincente o poetico e sentimentale in base alle circostanze. Il suo tocco inconfondibile \u00e8 rintracciabile nei principali documenti lionistici come gli obiettivi di Lions Clubs International e il Codice dell\u2019etica. I suoi editoriali sulla rivista LION, ancora oggi citati, hanno contribuito ad elaborare i principi e i valori della nostra associazione.<\/p>\n<p>Melvin Jones era anche un grande amante degli aforismi. Mai propenso ad addolcire la verit\u00e0, Melvin Jones esponeva nel suo ufficio un detto: \u201cLa verit\u00e0 e le rose sono avvolte da spine\u201d.<\/p>\n<p>Melvin Jones interruppe la sua attivit\u00e0 assicurativa nel 1926 per diventare l\u2019amministratore esecutivo e l\u2019ambasciatore dell\u2019associazione in tutto il mondo. Melvin ricopr\u00ec brillantemente entrambi i ruoli, allestendo e gestendo una sede centrale in forte espansione, e viaggiando continuamente per visitare i club e tenere dei discorsi ufficiali in occasione di vari eventi. La sua vita continu\u00f2 per lungo tempo a essere costellata di continui impegni.<\/p>\n<p><em><strong><a href=\"https:\/\/lionsnordestitalia.it\/distretto108ta1\/chi-sono-i-lions\/\" target=\"_blank\" rel=\"noopener\">Cliccare per approfondimenti<\/a><\/strong><\/em><\/p>\n<p><a href=\"https:\/\/www.lionsnordestitalia.it\/associazione\/#inizio\">Torna su<\/a><\/p>\n<\/div>\n<\/div>\n<\/div>\n<\/div>\n<\/div>\n<div id=\"hellenkeller\" class=\"fusion-fullwidth fullwidth-box fusion-builder-row-4 fusion-flex-container nonhundred-percent-fullwidth non-hundred-percent-height-scrolling\">\n<div class=\"fusion-builder-row fusion-row fusion-flex-align-items-flex-start\">\n<div class=\"fusion-layout-column fusion_builder_column fusion-builder-column-3 fusion_builder_column_1_1 1_1 fusion-flex-column\">\n<div class=\"fusion-column-wrapper fusion-flex-justify-content-flex-start fusion-content-layout-column\">\n<div class=\"fusion-title title fusion-title-3 fusion-sep-none fusion-title-text fusion-title-size-two fusion-border-below-title\">\n<h3 class=\"title-heading-left fusion-responsive-typography-calculated\" data-fontsize=\"32\" data-lineheight=\"47.04px\"><b>Hellen Keller<\/b><\/h3>\n<\/div>\n<div class=\"fusion-text fusion-text-4\">\n<p>Nata nel 1880 a Tuscumbia (Alabama, USA), a 18 mesi Helen Keller contrasse una febbre che le caus\u00f2 cecit\u00e0 e sordit\u00e0.<\/p>\n<p>Con l\u2019aiuto di un\u2019insegnante eccezionale, Anne Mansfield Sullivan della Perkins School for the Blind, la Keller impar\u00f2 il linguaggio dei segni e il sistema Braille. Pochi anni dopo impar\u00f2 a parlare. Da adulta, divenne un\u2019infaticabile sostenitrice delle persone disabili. Nel 1925, Helen Keller partecip\u00f2 alla Convention internazionale dei Lions club e propose ai soci Lions di diventare \u201ccavalieri dei non vedenti nella crociata contro le tenebre\u201d.<\/p>\n<p>I Lions accettarono la proposta della Keller. Da allora il nostro lavoro ha sempre incluso\u00a0<a href=\"https:\/\/lionsclubs108ia3.it\/our-work\/sight-programs\/index.php\">programmi per la vista<\/a>\u00a0mirati alla lotta contro la cecit\u00e0 prevenibile.<\/p>\n<h3><b>Giornata di Helen Keller<\/b><\/h3>\n<p>Nel 1971, il Consiglio di Amministrazione di Lions Clubs International proclam\u00f2 il 1 giugno come Giornata Helen Keller. Nella Giornata Helen Keller, i Lions di tutto il mondo implementano progetti di servizio legati alla vista.<\/p>\n<p>Vedi anche\u00a0Discorso di Helle Keller<\/p>\n<p><a href=\"https:\/\/www.lionsnordestitalia.it\/associazione\/#inizio\">Torna su<\/a><\/p>\n<\/div>\n<\/div>\n<div id=\"post-6858\" class=\"post-6858 page type-page status-publish hentry\">\n<div class=\"post-content\">\n<p>&nbsp;<\/p>\n<\/div>\n<\/div>\n<\/div>\n<\/div>\n<\/div>\n<\/div>\n<\/div>\n","protected":false},"excerpt":{"rendered":"<p>Conosciamo i Lions La storia Melvin Jones Hellen Keller Il [&hellip;]<\/p>\n","protected":false},"author":9,"featured_media":0,"parent":0,"menu_order":0,"comment_status":"closed","ping_status":"closed","template":"","meta":[],"visibilities":[14],"yoast_head":"<!-- This site is optimized with the Yoast SEO plugin v18.4.1 - https:\/\/yoast.com\/wordpress\/plugins\/seo\/ -->\n<title>L&#039;associazione | Lions Italia Distretto 108Ta1<\/title>\n<meta name=\"robots\" content=\"index, follow, max-snippet:-1, max-image-preview:large, max-video-preview:-1\" \/>\n<link rel=\"canonical\" href=\"https:\/\/lionsnordestitalia.it\/distretto108ta1\/associazione-lions\/\" \/>\n<meta property=\"og:locale\" content=\"it_IT\" \/>\n<meta property=\"og:type\" content=\"article\" \/>\n<meta property=\"og:title\" content=\"L&#039;associazione | Lions Italia Distretto 108Ta1\" \/>\n<meta property=\"og:description\" content=\"Conosciamo i Lions La storia Melvin Jones Hellen Keller Il [&hellip;]\" \/>\n<meta property=\"og:url\" content=\"https:\/\/lionsnordestitalia.it\/distretto108ta1\/associazione-lions\/\" \/>\n<meta property=\"og:site_name\" content=\"Lions Italia Distretto 108Ta1\" \/>\n<meta property=\"article:modified_time\" content=\"2025-03-12T21:45:13+00:00\" \/>\n<meta property=\"og:image\" content=\"https:\/\/static.lionsnordestitalia.it\/2024\/08\/24-08-marchio-Lions-300x287.jpg\" \/>\n<meta name=\"twitter:card\" content=\"summary_large_image\" \/>\n<meta name=\"twitter:label1\" content=\"Tempo di lettura stimato\" \/>\n\t<meta name=\"twitter:data1\" content=\"7 minuti\" \/>\n<script type=\"application\/ld+json\" class=\"yoast-schema-graph\">{\"@context\":\"https:\/\/schema.org\",\"@graph\":[{\"@type\":\"Organization\",\"@id\":\"https:\/\/lionsnordestitalia.it\/distretto108ta1\/#organization\",\"name\":\"Lions Italia Distretto 108Ta1\",\"url\":\"https:\/\/lionsnordestitalia.it\/distretto108ta1\/\",\"sameAs\":[],\"logo\":{\"@type\":\"ImageObject\",\"@id\":\"https:\/\/lionsnordestitalia.it\/distretto108ta1\/#logo\",\"inLanguage\":\"it-IT\",\"url\":\"https:\/\/static.lionsnordestitalia.it\/2021\/03\/LCI_emblem_2color_web.png\",\"contentUrl\":\"https:\/\/static.lionsnordestitalia.it\/2021\/03\/LCI_emblem_2color_web.png\",\"width\":1296,\"height\":1296,\"caption\":\"Lions Italia Distretto 108Ta1\"},\"image\":{\"@id\":\"https:\/\/lionsnordestitalia.it\/distretto108ta1\/#logo\"}},{\"@type\":\"WebSite\",\"@id\":\"https:\/\/lionsnordestitalia.it\/distretto108ta1\/#website\",\"url\":\"https:\/\/lionsnordestitalia.it\/distretto108ta1\/\",\"name\":\"Lions Italia Distretto 108Ta1\",\"description\":\"\",\"publisher\":{\"@id\":\"https:\/\/lionsnordestitalia.it\/distretto108ta1\/#organization\"},\"potentialAction\":[{\"@type\":\"SearchAction\",\"target\":{\"@type\":\"EntryPoint\",\"urlTemplate\":\"https:\/\/lionsnordestitalia.it\/distretto108ta1\/?s={search_term_string}\"},\"query-input\":\"required name=search_term_string\"}],\"inLanguage\":\"it-IT\"},{\"@type\":\"ImageObject\",\"@id\":\"https:\/\/lionsnordestitalia.it\/distretto108ta1\/associazione-lions\/#primaryimage\",\"inLanguage\":\"it-IT\",\"url\":\"https:\/\/static.lionsnordestitalia.it\/2024\/08\/24-08-marchio-Lions.jpg\",\"contentUrl\":\"https:\/\/static.lionsnordestitalia.it\/2024\/08\/24-08-marchio-Lions.jpg\",\"width\":400,\"height\":383},{\"@type\":\"WebPage\",\"@id\":\"https:\/\/lionsnordestitalia.it\/distretto108ta1\/associazione-lions\/#webpage\",\"url\":\"https:\/\/lionsnordestitalia.it\/distretto108ta1\/associazione-lions\/\",\"name\":\"L'associazione | Lions Italia Distretto 108Ta1\",\"isPartOf\":{\"@id\":\"https:\/\/lionsnordestitalia.it\/distretto108ta1\/#website\"},\"primaryImageOfPage\":{\"@id\":\"https:\/\/lionsnordestitalia.it\/distretto108ta1\/associazione-lions\/#primaryimage\"},\"datePublished\":\"2024-04-29T11:38:13+00:00\",\"dateModified\":\"2025-03-12T21:45:13+00:00\",\"breadcrumb\":{\"@id\":\"https:\/\/lionsnordestitalia.it\/distretto108ta1\/associazione-lions\/#breadcrumb\"},\"inLanguage\":\"it-IT\",\"potentialAction\":[{\"@type\":\"ReadAction\",\"target\":[\"https:\/\/lionsnordestitalia.it\/distretto108ta1\/associazione-lions\/\"]}]},{\"@type\":\"BreadcrumbList\",\"@id\":\"https:\/\/lionsnordestitalia.it\/distretto108ta1\/associazione-lions\/#breadcrumb\",\"itemListElement\":[{\"@type\":\"ListItem\",\"position\":1,\"name\":\"Home\",\"item\":\"https:\/\/lionsnordestitalia.it\/distretto108ta1\/\"},{\"@type\":\"ListItem\",\"position\":2,\"name\":\"L&#8217;associazione\"}]}]}<\/script>\n<!-- \/ Yoast SEO plugin. -->","yoast_head_json":{"title":"L'associazione | Lions Italia Distretto 108Ta1","robots":{"index":"index","follow":"follow","max-snippet":"max-snippet:-1","max-image-preview":"max-image-preview:large","max-video-preview":"max-video-preview:-1"},"canonical":"https:\/\/lionsnordestitalia.it\/distretto108ta1\/associazione-lions\/","og_locale":"it_IT","og_type":"article","og_title":"L'associazione | Lions Italia Distretto 108Ta1","og_description":"Conosciamo i Lions La storia Melvin Jones Hellen Keller Il [&hellip;]","og_url":"https:\/\/lionsnordestitalia.it\/distretto108ta1\/associazione-lions\/","og_site_name":"Lions Italia Distretto 108Ta1","article_modified_time":"2025-03-12T21:45:13+00:00","og_image":[{"url":"https:\/\/static.lionsnordestitalia.it\/2024\/08\/24-08-marchio-Lions-300x287.jpg"}],"twitter_card":"summary_large_image","twitter_misc":{"Tempo di lettura stimato":"7 minuti"},"schema":{"@context":"https:\/\/schema.org","@graph":[{"@type":"Organization","@id":"https:\/\/lionsnordestitalia.it\/distretto108ta1\/#organization","name":"Lions Italia Distretto 108Ta1","url":"https:\/\/lionsnordestitalia.it\/distretto108ta1\/","sameAs":[],"logo":{"@type":"ImageObject","@id":"https:\/\/lionsnordestitalia.it\/distretto108ta1\/#logo","inLanguage":"it-IT","url":"https:\/\/static.lionsnordestitalia.it\/2021\/03\/LCI_emblem_2color_web.png","contentUrl":"https:\/\/static.lionsnordestitalia.it\/2021\/03\/LCI_emblem_2color_web.png","width":1296,"height":1296,"caption":"Lions Italia Distretto 108Ta1"},"image":{"@id":"https:\/\/lionsnordestitalia.it\/distretto108ta1\/#logo"}},{"@type":"WebSite","@id":"https:\/\/lionsnordestitalia.it\/distretto108ta1\/#website","url":"https:\/\/lionsnordestitalia.it\/distretto108ta1\/","name":"Lions Italia Distretto 108Ta1","description":"","publisher":{"@id":"https:\/\/lionsnordestitalia.it\/distretto108ta1\/#organization"},"potentialAction":[{"@type":"SearchAction","target":{"@type":"EntryPoint","urlTemplate":"https:\/\/lionsnordestitalia.it\/distretto108ta1\/?s={search_term_string}"},"query-input":"required name=search_term_string"}],"inLanguage":"it-IT"},{"@type":"ImageObject","@id":"https:\/\/lionsnordestitalia.it\/distretto108ta1\/associazione-lions\/#primaryimage","inLanguage":"it-IT","url":"https:\/\/static.lionsnordestitalia.it\/2024\/08\/24-08-marchio-Lions.jpg","contentUrl":"https:\/\/static.lionsnordestitalia.it\/2024\/08\/24-08-marchio-Lions.jpg","width":400,"height":383},{"@type":"WebPage","@id":"https:\/\/lionsnordestitalia.it\/distretto108ta1\/associazione-lions\/#webpage","url":"https:\/\/lionsnordestitalia.it\/distretto108ta1\/associazione-lions\/","name":"L'associazione | Lions Italia Distretto 108Ta1","isPartOf":{"@id":"https:\/\/lionsnordestitalia.it\/distretto108ta1\/#website"},"primaryImageOfPage":{"@id":"https:\/\/lionsnordestitalia.it\/distretto108ta1\/associazione-lions\/#primaryimage"},"datePublished":"2024-04-29T11:38:13+00:00","dateModified":"2025-03-12T21:45:13+00:00","breadcrumb":{"@id":"https:\/\/lionsnordestitalia.it\/distretto108ta1\/associazione-lions\/#breadcrumb"},"inLanguage":"it-IT","potentialAction":[{"@type":"ReadAction","target":["https:\/\/lionsnordestitalia.it\/distretto108ta1\/associazione-lions\/"]}]},{"@type":"BreadcrumbList","@id":"https:\/\/lionsnordestitalia.it\/distretto108ta1\/associazione-lions\/#breadcrumb","itemListElement":[{"@type":"ListItem","position":1,"name":"Home","item":"https:\/\/lionsnordestitalia.it\/distretto108ta1\/"},{"@type":"ListItem","position":2,"name":"L&#8217;associazione"}]}]}},"_links":{"self":[{"href":"https:\/\/lionsnordestitalia.it\/distretto108ta1\/wp-json\/wp\/v2\/pages\/6553"}],"collection":[{"href":"https:\/\/lionsnordestitalia.it\/distretto108ta1\/wp-json\/wp\/v2\/pages"}],"about":[{"href":"https:\/\/lionsnordestitalia.it\/distretto108ta1\/wp-json\/wp\/v2\/types\/page"}],"author":[{"embeddable":true,"href":"https:\/\/lionsnordestitalia.it\/distretto108ta1\/wp-json\/wp\/v2\/users\/9"}],"replies":[{"embeddable":true,"href":"https:\/\/lionsnordestitalia.it\/distretto108ta1\/wp-json\/wp\/v2\/comments?post=6553"}],"version-history":[{"count":10,"href":"https:\/\/lionsnordestitalia.it\/distretto108ta1\/wp-json\/wp\/v2\/pages\/6553\/revisions"}],"predecessor-version":[{"id":8325,"href":"https:\/\/lionsnordestitalia.it\/distretto108ta1\/wp-json\/wp\/v2\/pages\/6553\/revisions\/8325"}],"wp:attachment":[{"href":"https:\/\/lionsnordestitalia.it\/distretto108ta1\/wp-json\/wp\/v2\/media?parent=6553"}],"wp:term":[{"taxonomy":"visibilities","embeddable":true,"href":"https:\/\/lionsnordestitalia.it\/distretto108ta1\/wp-json\/wp\/v2\/visibilities?post=6553"}],"curies":[{"name":"wp","href":"https:\/\/api.w.org\/{rel}","templated":true}]}}